{"id":3382,"date":"2021-08-27T13:45:08","date_gmt":"2021-08-27T13:45:08","guid":{"rendered":"http:\/\/www.grof.hu\/?page_id=3382"},"modified":"2021-08-27T17:07:21","modified_gmt":"2021-08-27T17:07:21","slug":"ertekesites","status":"publish","type":"page","link":"https:\/\/www.grof.hu\/?page_id=3382","title":{"rendered":"\u00c9rt\u00e9kes\u00edt\u00e9s"},"content":{"rendered":"  <div id=\"page-header-1699389584\" class=\"page-header-wrapper\">\n  <div class=\"page-title dark featured-title has-parallax\">\n\n        <div class=\"page-title-bg\">\n      <div class=\"title-bg fill bg-fill\"\n        data-parallax-container=\".page-title\"\n        data-parallax-background\n        data-parallax=\"-5\">\n      <\/div>\n      <div class=\"title-overlay fill\"><\/div>\n    <\/div>\n    \n    <div class=\"page-title-inner container align-center flex-row medium-flex-wrap\" >\n              <div class=\"title-wrapper is-xlarge flex-col text-left medium-text-center\">\n          <h1 class=\"entry-title mb-0\">\n            \u00c9rt\u00e9kes\u00edt\u00e9s          <\/h1>\n        <\/div>\n                    <div class=\"title-content flex-col flex-right text-right medium-text-center\">\n        <div class=\"title-breadcrumbs pb-half pt-half\"><\/div>      <\/div>\n    <\/div>\n\n     \n<style>\n#page-header-1699389584 .page-title-inner {\n  min-height: 200px;\n}\n#page-header-1699389584 .title-bg {\n  background-image: url(https:\/\/www.grof.hu\/wp-content\/uploads\/2021\/08\/grof-epuletautomatika-2.jpg);\n}\n#page-header-1699389584 .title-overlay {\n  background-color: rgba(0, 0, 0, 0.5);\n}\n<\/style>\n  <\/div>\n    <\/div>\n  \n\t<section class=\"section\" id=\"section_191272226\">\n\t\t<div class=\"bg section-bg fill bg-fill  bg-loaded\" >\n\n\t\t\t\n\t\t\t\n\t\t\t\n\n\t\t<\/div>\n\n\t\t<div class=\"section-content relative\">\n\t\t\t\n<div class=\"row\"  id=\"row-1485387169\">\n\n\t<div id=\"col-2058669021\" class=\"col medium-4 small-12 large-4\"  >\n\t\t\t\t<div class=\"col-inner\"  >\n\t\t\t\n\t\t\t\n<ul class=\"sidebar-wrapper ul-reset\"><aside id=\"pages-2\" class=\"widget widget_pages\"><span class=\"widget-title \"><span>Szolg\u00e1ltat\u00e1saink<\/span><\/span><div class=\"is-divider small\"><\/div>\n\t\t\t<ul>\n\t\t\t\t<li class=\"page_item page-item-3382\"><a href=\"https:\/\/www.grof.hu\/?page_id=3382\">\u00c9rt\u00e9kes\u00edt\u00e9s<\/a><\/li>\n<li class=\"page_item page-item-3380\"><a href=\"https:\/\/www.grof.hu\/?page_id=3380\">Kapcsol\u00f3szekr\u00e9ny tervez\u00e9s \u00e9s gy\u00e1rt\u00e1s<\/a><\/li>\n<li class=\"page_item page-item-3378\"><a href=\"https:\/\/www.grof.hu\/?page_id=3378\">Szerv\u00edz \u00e9s karbantart\u00e1s<\/a><\/li>\n\t\t\t<\/ul>\n\n\t\t\t<\/aside><\/ul>\n\t\t<\/div>\n\t\t\t\t\t<\/div>\n\n\t\n\n\t<div id=\"col-25934381\" class=\"col medium-8 small-12 large-8\"  >\n\t\t\t\t<div class=\"col-inner\"  >\n\t\t\t\n\t\t\t\n\t<div id=\"text-3878846252\" class=\"text\">\n\t\t\n<p>C\u00e9g\u00fcnk \u00e9rt\u00e9kes\u00edt\u00e9si k\u00edn\u00e1lat\u00e1ban jelen vannak a legnagyobb \u00e9p\u00fcletautomatikai gy\u00e1rt\u00f3k min\u0151s\u00e9gi rendszereszk\u00f6zei, \u00edgy megtal\u00e1lhatja n\u00e1lunk a SAUTER \u00e9s GFR \u00e9p\u00fcletfel\u00fcgyeleti rendszerek teljes v\u00e1laszt\u00e9k\u00e1t, illetve az ALCO, a BELIMO, az S+S REGELTECHNIK \u00e9s a DANFOSS sz\u00e1mos komponens\u00e9t.<\/p>\n<p>Amennyiben intelligens \u00e9p\u00fclet tervez\u00e9se \u00e9s kivitelez\u00e9se sor\u00e1n a rendelni k\u00edv\u00e1nt rendszereszk\u00f6z\u00f6kkel kapcsolatban inform\u00e1ci\u00f3ra, tan\u00e1csad\u00e1sra, technikai seg\u00edts\u00e9gre lenne sz\u00fcks\u00e9ge, keresse b\u00e1tran szakembereinket, akik szem\u00e9lyre szabott megold\u00e1sokat tudnak \u00d6nnek biztos\u00edtani.<\/p>\n\t\t\n<style>\n#text-3878846252 {\n  line-height: 1.75;\n}\n<\/style>\n\t<\/div>\n\t\n\t\t<\/div>\n\t\t\t\t\t<\/div>\n\n\t\n<\/div>\n\t\t<\/div>\n\n\t\t\n<style>\n#section_191272226 {\n  padding-top: 30px;\n  padding-bottom: 30px;\n}\n<\/style>\n\t<\/section>\n\t\n","protected":false},"excerpt":{"rendered":"","protected":false},"author":1,"featured_media":0,"parent":0,"menu_order":0,"comment_status":"closed","ping_status":"closed","template":"page-blank.php","meta":[],"_links":{"self":[{"href":"https:\/\/www.grof.hu\/index.php?rest_route=\/wp\/v2\/pages\/3382"}],"collection":[{"href":"https:\/\/www.grof.hu\/index.php?rest_route=\/wp\/v2\/pages"}],"about":[{"href":"https:\/\/www.grof.hu\/index.php?rest_route=\/wp\/v2\/types\/page"}],"author":[{"embeddable":true,"href":"https:\/\/www.grof.hu\/index.php?rest_route=\/wp\/v2\/users\/1"}],"replies":[{"embeddable":true,"href":"https:\/\/www.grof.hu\/index.php?rest_route=%2Fwp%2Fv2%2Fcomments&post=3382"}],"version-history":[{"count":4,"href":"https:\/\/www.grof.hu\/index.php?rest_route=\/wp\/v2\/pages\/3382\/revisions"}],"predecessor-version":[{"id":3407,"href":"https:\/\/www.grof.hu\/index.php?rest_route=\/wp\/v2\/pages\/3382\/revisions\/3407"}],"wp:attachment":[{"href":"https:\/\/www.grof.hu\/index.php?rest_route=%2Fwp%2Fv2%2Fmedia&parent=3382"}],"curies":[{"name":"wp","href":"https:\/\/api.w.org\/{rel}","templated":true}]}}