{"id":3380,"date":"2021-08-27T13:44:42","date_gmt":"2021-08-27T13:44:42","guid":{"rendered":"http:\/\/www.grof.hu\/?page_id=3380"},"modified":"2021-08-27T17:06:32","modified_gmt":"2021-08-27T17:06:32","slug":"kapcsoloszekreny-tervezes-es-gyartas","status":"publish","type":"page","link":"https:\/\/www.grof.hu\/?page_id=3380","title":{"rendered":"Kapcsol\u00f3szekr\u00e9ny tervez\u00e9s \u00e9s gy\u00e1rt\u00e1s"},"content":{"rendered":"  <div id=\"page-header-1292182217\" class=\"page-header-wrapper\">\n  <div class=\"page-title dark featured-title has-parallax\">\n\n        <div class=\"page-title-bg\">\n      <div class=\"title-bg fill bg-fill\"\n        data-parallax-container=\".page-title\"\n        data-parallax-background\n        data-parallax=\"-5\">\n      <\/div>\n      <div class=\"title-overlay fill\"><\/div>\n    <\/div>\n    \n    <div class=\"page-title-inner container align-center flex-row medium-flex-wrap\" >\n              <div class=\"title-wrapper is-xlarge flex-col text-left medium-text-center\">\n          <h1 class=\"entry-title mb-0\">\n            Kapcsol\u00f3szekr\u00e9ny tervez\u00e9s \u00e9s gy\u00e1rt\u00e1s          <\/h1>\n        <\/div>\n                    <div class=\"title-content flex-col flex-right text-right medium-text-center\">\n        <div class=\"title-breadcrumbs pb-half pt-half\"><\/div>      <\/div>\n    <\/div>\n\n     \n<style>\n#page-header-1292182217 .page-title-inner {\n  min-height: 200px;\n}\n#page-header-1292182217 .title-bg {\n  background-image: url(https:\/\/www.grof.hu\/wp-content\/uploads\/2021\/08\/grof-szerviz.jpg);\n}\n#page-header-1292182217 .title-overlay {\n  background-color: rgba(0, 0, 0, 0.5);\n}\n<\/style>\n  <\/div>\n    <\/div>\n  \n\t<section class=\"section\" id=\"section_1020195655\">\n\t\t<div class=\"bg section-bg fill bg-fill  bg-loaded\" >\n\n\t\t\t\n\t\t\t\n\t\t\t\n\n\t\t<\/div>\n\n\t\t<div class=\"section-content relative\">\n\t\t\t\n<div class=\"row\"  id=\"row-1172400372\">\n\n\t<div id=\"col-1171729512\" class=\"col medium-4 small-12 large-4\"  >\n\t\t\t\t<div class=\"col-inner\"  >\n\t\t\t\n\t\t\t\n<ul class=\"sidebar-wrapper ul-reset\"><aside id=\"pages-2\" class=\"widget widget_pages\"><span class=\"widget-title \"><span>Szolg\u00e1ltat\u00e1saink<\/span><\/span><div class=\"is-divider small\"><\/div>\n\t\t\t<ul>\n\t\t\t\t<li class=\"page_item page-item-3382\"><a href=\"https:\/\/www.grof.hu\/?page_id=3382\">\u00c9rt\u00e9kes\u00edt\u00e9s<\/a><\/li>\n<li class=\"page_item page-item-3380\"><a href=\"https:\/\/www.grof.hu\/?page_id=3380\">Kapcsol\u00f3szekr\u00e9ny tervez\u00e9s \u00e9s gy\u00e1rt\u00e1s<\/a><\/li>\n<li class=\"page_item page-item-3378\"><a href=\"https:\/\/www.grof.hu\/?page_id=3378\">Szerv\u00edz \u00e9s karbantart\u00e1s<\/a><\/li>\n\t\t\t<\/ul>\n\n\t\t\t<\/aside><\/ul>\n\t\t<\/div>\n\t\t\t\t\t<\/div>\n\n\t\n\n\t<div id=\"col-116075550\" class=\"col medium-8 small-12 large-8\"  >\n\t\t\t\t<div class=\"col-inner\"  >\n\t\t\t\n\t\t\t\n\t<div id=\"text-2807837800\" class=\"text\">\n\t\t\n<p><strong>Villamos, g\u00e9p\u00e9szeti rendszerek automatiz\u00e1l\u00e1shoz sz\u00fcks\u00e9ges villamos szekr\u00e9nyek tervez\u00e9se, gy\u00e1rt\u00e1sa.<\/strong><\/p>\n<p><p>Precizit\u00e1sunknak \u00e9s hozz\u00e1\u00e9rt\u00e9s\u00fcnknek k\u00f6sz\u00f6nhet\u0151en c\u00e9g\u00fcnk, a Gr\u00f3f \u00c9p\u00fcletautomatikai Rendszertechnikai Kft. 18 \u00e9ves fenn\u00e1ll\u00e1sa alatt a piac egyik meghat\u00e1roz\u00f3 kapcsol\u00f3szekr\u00e9ny-gy\u00e1rt\u00f3j\u00e1v\u00e1 v\u00e1lt. T\u00f6bb sz\u00e1z \u00e1ltalunk tervezett \u00e9s gy\u00e1rtott villamos szekr\u00e9ny tal\u00e1lhat\u00f3 sz\u00e1mos hazai oktat\u00e1si int\u00e9zm\u00e9ny, k\u00f3rh\u00e1z, bank, biztos\u00edt\u00f3t\u00e1rsas\u00e1g, ipari \u00fczem, irodah\u00e1z, \u00e1ruh\u00e1z, hotel, f\u00fcrd\u0151, valamint sportk\u00f6zpont g\u00e9p\u00e9szeti rendszer\u00e9ben. <\/p>\n<p>Csakis kipr\u00f3b\u00e1lt besz\u00e1ll\u00edt\u00f3 partnerekkel \u00e9s alv\u00e1llalkoz\u00f3kkal dolgozunk. A munk\u00e1t profi \u00f6sszeszerel\u0151 csapatunkra b\u00edzzuk, akik a gy\u00e1rt\u00e1s sor\u00e1n csakis kedvez\u0151 \u00e1rfekv\u00e9s\u0171, kit\u0171n\u0151 min\u0151s\u00e9g\u0171 alkatr\u00e9szeket \u00e9s letesztelt komponenseket haszn\u00e1lnak fel, garant\u00e1lva a g\u00f6rd\u00fcl\u00e9keny kivitelez\u00e9st \u00e9s a sz\u00ednvonalas v\u00e9gterm\u00e9ket. Az elk\u00e9sz\u00fclt kapcsol\u00f3szekr\u00e9nyeket a helysz\u00ednre sz\u00e1ll\u00edtjuk, be\u00fczemelj\u00fck, \u00e9s \u00f6sszehangoljuk.<\/p>\n\t\t\n<style>\n#text-2807837800 {\n  line-height: 1.75;\n}\n<\/style>\n\t<\/div>\n\t\n\t\t<\/div>\n\t\t\t\t\t<\/div>\n\n\t\n<\/div>\n\t\t<\/div>\n\n\t\t\n<style>\n#section_1020195655 {\n  padding-top: 30px;\n  padding-bottom: 30px;\n}\n<\/style>\n\t<\/section>\n\t\n","protected":false},"excerpt":{"rendered":"","protected":false},"author":1,"featured_media":0,"parent":0,"menu_order":0,"comment_status":"closed","ping_status":"closed","template":"page-blank.php","meta":[],"_links":{"self":[{"href":"https:\/\/www.grof.hu\/index.php?rest_route=\/wp\/v2\/pages\/3380"}],"collection":[{"href":"https:\/\/www.grof.hu\/index.php?rest_route=\/wp\/v2\/pages"}],"about":[{"href":"https:\/\/www.grof.hu\/index.php?rest_route=\/wp\/v2\/types\/page"}],"author":[{"embeddable":true,"href":"https:\/\/www.grof.hu\/index.php?rest_route=\/wp\/v2\/users\/1"}],"replies":[{"embeddable":true,"href":"https:\/\/www.grof.hu\/index.php?rest_route=%2Fwp%2Fv2%2Fcomments&post=3380"}],"version-history":[{"count":4,"href":"https:\/\/www.grof.hu\/index.php?rest_route=\/wp\/v2\/pages\/3380\/revisions"}],"predecessor-version":[{"id":3405,"href":"https:\/\/www.grof.hu\/index.php?rest_route=\/wp\/v2\/pages\/3380\/revisions\/3405"}],"wp:attachment":[{"href":"https:\/\/www.grof.hu\/index.php?rest_route=%2Fwp%2Fv2%2Fmedia&parent=3380"}],"curies":[{"name":"wp","href":"https:\/\/api.w.org\/{rel}","templated":true}]}}