{"id":3167,"date":"2016-01-19T12:05:25","date_gmt":"2016-01-19T12:05:25","guid":{"rendered":"http:\/\/www.grof.hu\/?page_id=3167"},"modified":"2021-08-30T18:06:58","modified_gmt":"2021-08-30T18:06:58","slug":"fooldal","status":"publish","type":"page","link":"https:\/\/www.grof.hu\/","title":{"rendered":"F\u0151oldal"},"content":{"rendered":"\n  <div class=\"banner has-hover\" id=\"banner-243039051\">\n          <div class=\"banner-inner fill\">\n        <div class=\"banner-bg fill\" >\n            <div class=\"bg fill bg-fill \"><\/div>\n                                    \n                    <\/div>\n        <div class=\"banner-layers container\">\n            <div class=\"fill banner-link\"><\/div>            \n   <div id=\"text-box-1053457396\" class=\"text-box banner-layer x50 md-x0 lg-x0 y10 md-y15 lg-y15 res-text\">\n                                <div class=\"text-box-content text box-shadow-4 dark\">\n              \n\t<div class=\"is-border\"\n\t\tstyle=\"border-color:rgb(15, 138, 219);border-width:5px 0px 0px 0px;\">\n\t<\/div>\n              <div class=\"text-inner text-left\">\n                  \n<h2 style=\"line-height: 1.2em;\"><strong>\u00c9p\u00fclet- automatikai- fel\u00fcgyeleti rendszerek<\/strong><\/h2>\n<h6>Tervez\u00e9s \/\/ Kivitelez\u00e9s \/\/ Karbantart\u00e1s \/\/ \u00c9rt\u00e9kes\u00edt\u00e9s<\/h6>\n              <\/div>\n           <\/div>\n                            \n<style>\n#text-box-1053457396 {\n  margin: 0px 0px 0px 0px;\n  width: 95%;\n}\n#text-box-1053457396 .text-box-content {\n  background-color: rgb(0, 84, 158);\n  font-size: 100%;\n}\n#text-box-1053457396 .text-inner {\n  padding: 20px 20px 10px 20px;\n}\n@media (min-width:550px) {\n  #text-box-1053457396 .text-inner {\n    padding: 30px 30px 40px 40px;\n  }\n  #text-box-1053457396 {\n    width: 50%;\n  }\n}\n<\/style>\n    <\/div>\n \n        <\/div>\n      <\/div>\n\n            \n<style>\n#banner-243039051 {\n  padding-top: 380px;\n}\n#banner-243039051 .bg.bg-loaded {\n  background-image: url(https:\/\/www.grof.hu\/wp-content\/uploads\/2021\/08\/grof-hero-1024x627-1.jpg);\n}\n@media (min-width:550px) {\n  #banner-243039051 {\n    padding-top: 580px;\n  }\n}\n<\/style>\n  <\/div>\n\n\n\t<section class=\"section\" id=\"section_1334568850\">\n\t\t<div class=\"bg section-bg fill bg-fill  bg-loaded\" >\n\n\t\t\t\n\t\t\t\n\t\t\t\n\n\t\t<\/div>\n\n\t\t<div class=\"section-content relative\">\n\t\t\t\n\t<div id=\"gap-370548195\" class=\"gap-element clearfix\" style=\"display:block; height:auto;\">\n\t\t\n<style>\n#gap-370548195 {\n  padding-top: 30px;\n}\n<\/style>\n\t<\/div>\n\t\n<div class=\"row\" style=\"max-width:1300px\" id=\"row-2084973642\">\n\n\t<div id=\"col-240425502\" class=\"col small-12 large-12\"  >\n\t\t\t\t<div class=\"col-inner\"  >\n\t\t\t\n\t\t\t\n<span class=\"scroll-to\" data-label=\"Scroll to: #szolgaltatasok\" data-bullet=\"false\" data-link=\"#szolgaltatasok\" data-title=\"Szolgaltatasok\"><a name=\"szolgaltatasok\"><\/a><\/span>\n<div class=\"row align-equal align-center\" style=\"max-width:1300px\" id=\"row-698443908\">\n\n\t<div id=\"col-259529767\" class=\"col medium-4 small-12 large-4\"  >\n\t\t\t\t<div class=\"col-inner text-center box-shadow-2 box-shadow-4-hover\" style=\"background-color:rgb(255, 255, 255);\" >\n\t\t\t\n\t<div class=\"is-border\"\n\t\tstyle=\"border-color:rgb(15, 138, 219);border-width:10px 0px 0px 0px;\">\n\t<\/div>\n\t\t\t\n\t<div class=\"img has-hover x md-x lg-x y md-y lg-y\" id=\"image_1712641716\">\n\t\t\t\t\t\t\t\t<div class=\"img-inner dark\" >\n\t\t\t<img src=\"https:\/\/www.grof.hu\/wp-content\/uploads\/2021\/08\/grof-gyartas.svg\" class=\"attachment-large size-large\" alt=\"\" loading=\"lazy\" height=\"20.01\" width=\"19.01\" \/>\t\t\t\t\t\t\n\t\t\t\t\t<\/div>\n\t\t\t\t\t\t\t\t\n<style>\n#image_1712641716 {\n  width: 20%;\n}\n@media (min-width:550px) {\n  #image_1712641716 {\n    width: 35%;\n  }\n}\n@media (min-width:850px) {\n  #image_1712641716 {\n    width: 16%;\n  }\n}\n<\/style>\n\t<\/div>\n\t\n<h2>Tervez\u00e9s \u00e9s gy\u00e1rt\u00e1s<\/h2>\n<p>G\u00e9p\u00e9szeti rendszerek automatiz\u00e1l\u00e1shoz villamos szekr\u00e9nyek tervez\u00e9se, gy\u00e1rt\u00e1sa.<\/p>\n<a href=\"\/?page_id=3380\" target=\"_self\" class=\"button primary expand\"  >\n    <span>Tov\u00e1bb<\/span>\n  <i class=\"icon-angle-right\" ><\/i><\/a>\n\n\t\t<\/div>\n\t\t\t\t\n<style>\n#col-259529767 > .col-inner {\n  padding: 40px 30px 30px 30px;\n}\n<\/style>\n\t<\/div>\n\n\t\n\n\t<div id=\"col-1964466104\" class=\"col medium-4 small-12 large-4\"  >\n\t\t\t\t<div class=\"col-inner text-center box-shadow-2 box-shadow-4-hover\" style=\"background-color:rgb(255, 255, 255);\" >\n\t\t\t\n\t<div class=\"is-border\"\n\t\tstyle=\"border-color:rgb(15, 138, 219);border-width:10px 0px 0px 0px;\">\n\t<\/div>\n\t\t\t\n\t<div class=\"img has-hover x md-x lg-x y md-y lg-y\" id=\"image_1201834459\">\n\t\t\t\t\t\t\t\t<div class=\"img-inner dark\" >\n\t\t\t<img src=\"https:\/\/www.grof.hu\/wp-content\/uploads\/2021\/08\/grof-szerviz.svg\" class=\"attachment-large size-large\" alt=\"\" loading=\"lazy\" height=\"17.92\" width=\"17.92\" \/>\t\t\t\t\t\t\n\t\t\t\t\t<\/div>\n\t\t\t\t\t\t\t\t\n<style>\n#image_1201834459 {\n  width: 20%;\n}\n@media (min-width:550px) {\n  #image_1201834459 {\n    width: 35%;\n  }\n}\n@media (min-width:850px) {\n  #image_1201834459 {\n    width: 16%;\n  }\n}\n<\/style>\n\t<\/div>\n\t\n<h2>Szerv\u00edz \u00e9s karbantart\u00e1s<\/h2>\n<p>Megl\u00e9v\u0151 \u00e9p\u00fcletautomatikai rendszerek karbantart\u00e1sa, szerv\u00edzel\u00e9se, naprak\u00e9szen tart\u00e1sa.<\/p>\n<a href=\"\/?page_id=3378\" target=\"_self\" class=\"button primary expand\"  >\n    <span>Tov\u00e1bb<\/span>\n  <i class=\"icon-angle-right\" ><\/i><\/a>\n\n\t\t<\/div>\n\t\t\t\t\n<style>\n#col-1964466104 > .col-inner {\n  padding: 40px 30px 30px 30px;\n}\n<\/style>\n\t<\/div>\n\n\t\n\n\t<div id=\"col-2069255230\" class=\"col medium-4 small-12 large-4\"  >\n\t\t\t\t<div class=\"col-inner text-center box-shadow-2 box-shadow-4-hover\" style=\"background-color:rgb(255, 255, 255);\" >\n\t\t\t\n\t<div class=\"is-border\"\n\t\tstyle=\"border-color:rgb(15, 138, 219);border-width:10px 0px 0px 0px;\">\n\t<\/div>\n\t\t\t\n\t<div class=\"img has-hover x md-x lg-x y md-y lg-y\" id=\"image_2072235768\">\n\t\t\t\t\t\t\t\t<div class=\"img-inner dark\" >\n\t\t\t<img src=\"https:\/\/www.grof.hu\/wp-content\/uploads\/2021\/08\/grof-ertekesites.svg\" class=\"attachment-large size-large\" alt=\"\" loading=\"lazy\" height=\"20\" width=\"19.74\" \/>\t\t\t\t\t\t\n\t\t\t\t\t<\/div>\n\t\t\t\t\t\t\t\t\n<style>\n#image_2072235768 {\n  width: 20%;\n}\n@media (min-width:550px) {\n  #image_2072235768 {\n    width: 35%;\n  }\n}\n@media (min-width:850px) {\n  #image_2072235768 {\n    width: 16%;\n  }\n}\n<\/style>\n\t<\/div>\n\t\n<h2>\u00c9rt\u00e9kes\u00edt\u00e9s<\/h2>\n<p>\u00c9p\u00fcletautomatikai rendszerelemek \u00e9rt\u00e9kes\u00edt\u00e9se, t\u00e1mogat\u00e1sa.<\/p>\n<a href=\"\/?page_id=3382\" target=\"_self\" class=\"button primary expand\"  >\n    <span>Tov\u00e1bb<\/span>\n  <i class=\"icon-angle-right\" ><\/i><\/a>\n\n\t\t<\/div>\n\t\t\t\t\n<style>\n#col-2069255230 > .col-inner {\n  padding: 40px 30px 30px 30px;\n}\n<\/style>\n\t<\/div>\n\n\t\n<\/div>\n\t\t<\/div>\n\t\t\t\t\n<style>\n#col-240425502 > .col-inner {\n  margin: -130px 0px 0px 0px;\n}\n<\/style>\n\t<\/div>\n\n\t\n<\/div>\n\t\t<\/div>\n\n\t\t\n<style>\n#section_1334568850 {\n  padding-top: 30px;\n  padding-bottom: 30px;\n}\n<\/style>\n\t<\/section>\n\t\n\t<section class=\"section info-cards-chess-box\" id=\"section_147170742\">\n\t\t<div class=\"bg section-bg fill bg-fill  bg-loaded\" >\n\n\t\t\t\n\t\t\t\n\t\t\t\n\n\t\t<\/div>\n\n\t\t<div class=\"section-content relative\">\n\t\t\t\n<div class=\"row\"  id=\"row-1922635355\">\n\n\t<div id=\"col-1175289418\" class=\"col small-12 large-12\"  >\n\t\t\t\t<div class=\"col-inner\"  >\n\t\t\t\n\t\t\t\n<h3>Mit jelent az \u00e9p\u00fcletfel\u00fcgyelet?<\/h3>\n<p>Az \u00e9p\u00fcletfel\u00fcgyeleti strukt\u00fara egy olyan szoftver- \u00e9s hardverelemeket tartalmaz\u00f3 sz\u00e1m\u00edt\u00f3g\u00e9pes vez\u00e9rl\u00e9s\u0171 \u00e9p\u00fcletg\u00e9p\u00e9szeti kontroll-rendszer, melynek feladata az adott \u00e9p\u00fclet komplex technol\u00f3giai berendez\u00e9seinek \u00f6sszehangolt fel\u00fcgyelete, m\u00e9r\u00e9se, \u00e9s szab\u00e1lyoz\u00e1sa. A rendszer ki\u00e9p\u00edt\u00e9s\u00e9vel lehet\u0151v\u00e9 v\u00e1lik ak\u00e1r k\u00f6zepes, ak\u00e1r nagym\u00e9ret\u0171 \u00e9p\u00fcletek g\u00e9p\u00e9szeti \u00e9s villamoss\u00e1gi elemeinek t\u00e1vez\u00e9rl\u00e9se, az \u00f6sszetett folyamatok nyomonk\u00f6vet\u00e9se, \u00e9s az esetleges technikai \u00e9s biztons\u00e1gi hib\u00e1k miel\u0151bbi jav\u00edt\u00e1sa. Hat\u00e1sk\u00f6re al\u00e1 tartozik t\u00f6bbek k\u00f6z\u00f6tt a vil\u00e1g\u00edt\u00e1s, az \u00e1rny\u00e9kol\u00e1stechnika, a f\u0171t\u00e9s, a h\u0171t\u00e9s \u00e9s szell\u0151ztet\u00e9s, illetve a biztons\u00e1gi- \u00e9s a jelz\u0151rendszerek, de ezeken fel\u00fcl a rendszerbe integr\u00e1lhat\u00f3 minden egy\u00e9b k\u00e9s\u0151bb telep\u00edtett berendez\u00e9s, applik\u00e1ci\u00f3 is.<\/p>\n\t<div id=\"gap-1892989043\" class=\"gap-element clearfix\" style=\"display:block; height:auto;\">\n\t\t\n<style>\n#gap-1892989043 {\n  padding-top: 30px;\n}\n<\/style>\n\t<\/div>\n\t\n<h3>Milyen el\u0151ny\u00f6kkel j\u00e1r az \u00e9p\u00fcletfel\u00fcgyeleti rendszer ki\u00e9p\u00edt\u00e9se?<\/h3>\n<p>Az \u00e9p\u00fcletfel\u00fcgyeleti automatika rendszer ma m\u00e1r az \u201eintelligens \u00e9p\u00fclet\u201d- koncepci\u00f3 elengedhetetlen komponense. Seg\u00edts\u00e9g\u00e9vel minden alrendszer \u00f6sszehangoltan menedzselhet\u0151 \u00e9s monitoringozhat\u00f3, ez\u00e1ltal egy kisebb st\u00e1b is hat\u00e9konyabban k\u00e9pes koordin\u00e1lni a l\u00e9tes\u00edtm\u00e9ny teljes bels\u0151 strukt\u00far\u00e1j\u00e1t, azonos\u00edtani a probl\u00e9m\u00e1kat, elh\u00e1r\u00edtani az \u00fczemzavarokat, up-to-date inform\u00e1ci\u00f3kat adni a folyamatokr\u00f3l, cs\u00f6kkenteni az energiafogyaszt\u00e1st, \u00e9s m\u00e9rs\u00e9kelni a k\u00f6lts\u00e9geket.<\/p>\n\t<div id=\"gap-1190827978\" class=\"gap-element clearfix\" style=\"display:block; height:auto;\">\n\t\t\n<style>\n#gap-1190827978 {\n  padding-top: 30px;\n}\n<\/style>\n\t<\/div>\n\t\n<h3>Mi\u00e9rt fontos, hogy profikra b\u00edzni a rendszer telep\u00edt\u00e9s\u00e9t?<\/h3>\n<p>Az \u00e9p\u00fcletfel\u00fcgyeleti rendszer optim\u00e1lis m\u0171k\u00f6d\u00e9se \u00e9rdek\u00e9ben elengedhetetlen a telep\u00edtett \u00e9p\u00fcletg\u00e9p\u00e9szeti berendez\u00e9sek \u00e9s a fel\u00fcgyeleti automatika hozz\u00e1\u00e9rt\u0151 \u00f6sszehangol\u00e1sa. A nem megfelel\u0151en be\u00e1ll\u00edtott rendszerek eset\u00e9ben a k\u00fcl\u00f6nb\u00f6z\u0151 algoritmusok k\u00f6z\u00f6ti esetleges \u00e1tfed\u00e9sek \u00e9s hi\u00e1nyoss\u00e1gok egy \u00f6nmaga ellen dolgoz\u00f3, energiapazarl\u00f3 \u00fczemel\u00e9st eredm\u00e9nyezhetnek.<br \/>C\u00e9g\u00fcnk ez\u00e9rt a tervez\u00e9st\u0151l az \u00fczembe helyez\u00e9sen \u00e1t eg\u00e9szen a karbantart\u00e1s f\u00e1zis\u00e1ig csak olyan felk\u00e9sz\u00fclt \u00e9s tapasztalt szakembereket alkalmaz, aki munk\u00e1j\u00e1val garant\u00e1lni tudjuk az \u00d6n sz\u00e1m\u00e1ra legmegfelel\u0151bb \u00e9p\u00fcletfel\u00fcgyeleti megold\u00e1s ki\u00e9p\u00edt\u00e9s\u00e9t.<\/p>\n\t<div id=\"gap-1953680050\" class=\"gap-element clearfix\" style=\"display:block; height:auto;\">\n\t\t\n<style>\n#gap-1953680050 {\n  padding-top: 30px;\n}\n<\/style>\n\t<\/div>\n\t\n\t\t<\/div>\n\t\t\t\t\t<\/div>\n\n\t\n<\/div>\n\t\t<\/div>\n\n\t\t\n<style>\n#section_147170742 {\n  padding-top: 0px;\n  padding-bottom: 0px;\n}\n<\/style>\n\t<\/section>\n\t\n\t<section class=\"section dark\" id=\"section_1649917973\">\n\t\t<div class=\"bg section-bg fill bg-fill  bg-loaded\" >\n\n\t\t\t\n\t\t\t\n\t\t\t\n\t<div class=\"is-border\"\n\t\tstyle=\"border-color:rgb(15, 138, 219);border-width:8px 0px 0px 0px;\">\n\t<\/div>\n\n\t\t<\/div>\n\n\t\t<div class=\"section-content relative\">\n\t\t\t\n<span class=\"scroll-to\" data-label=\"Scroll to: #rolunk\" data-bullet=\"false\" data-link=\"#rolunk\" data-title=\"rolunk\"><a name=\"rolunk\"><\/a><\/span>\n\t<div id=\"gap-155739260\" class=\"gap-element clearfix\" style=\"display:block; height:auto;\">\n\t\t\n<style>\n#gap-155739260 {\n  padding-top: 30px;\n}\n<\/style>\n\t<\/div>\n\t\n<div class=\"row align-middle align-center\" style=\"max-width:1300px\" id=\"row-1022399024\">\n\n\t<div id=\"col-1490523624\" class=\"col medium-12 small-12 large-7\"  >\n\t\t\t\t<div class=\"col-inner\"  >\n\t\t\t\n\t\t\t\n<div class=\"slider-wrapper relative\" id=\"slider-1680482117\" >\n    <div class=\"slider slider-nav-simple slider-nav-normal slider-nav-light slider-style-normal slider-show-nav\"\n        data-flickity-options='{\n            \"cellAlign\": \"center\",\n            \"imagesLoaded\": true,\n            \"lazyLoad\": 1,\n            \"freeScroll\": false,\n            \"wrapAround\": true,\n            \"autoPlay\": 3000,\n            \"pauseAutoPlayOnHover\" : false,\n            \"prevNextButtons\": true,\n            \"contain\" : true,\n            \"adaptiveHeight\" : true,\n            \"dragThreshold\" : 10,\n            \"percentPosition\": true,\n            \"pageDots\": false,\n            \"rightToLeft\": false,\n            \"draggable\": true,\n            \"selectedAttraction\": 0.1,\n            \"parallax\" : 0,\n            \"friction\": 0.6        }'\n        >\n        \n\n  <div class=\"banner has-hover\" id=\"banner-1713260904\">\n          <div class=\"banner-inner fill\">\n        <div class=\"banner-bg fill\" >\n            <div class=\"bg fill bg-fill \"><\/div>\n                                    \n                    <\/div>\n        <div class=\"banner-layers container\">\n            <div class=\"fill banner-link\"><\/div>            \n        <\/div>\n      <\/div>\n\n            \n<style>\n#banner-1713260904 {\n  padding-top: 300px;\n  background-color: rgb(39, 54, 71);\n}\n#banner-1713260904 .bg.bg-loaded {\n  background-image: url(https:\/\/www.grof.hu\/wp-content\/uploads\/2021\/08\/grof-szerviz.jpg);\n}\n@media (min-width:550px) {\n  #banner-1713260904 {\n    padding-top: 500px;\n  }\n}\n<\/style>\n  <\/div>\n\n\n     <\/div>\n\n     <div class=\"loading-spin dark large centered\"><\/div>\n\n     \t<\/div>\n\n\n\t\t<\/div>\n\t\t\t\t\t<\/div>\n\n\t\n\n\t<div id=\"col-1650925144\" class=\"col medium-11 small-12 large-5\"  >\n\t\t\t\t<div class=\"col-inner\"  >\n\t\t\t\n\t\t\t\n<h6><span style=\"color: #0F8ADB;\">C\u00e9g\u00fcnk<\/span><\/h6>\n<h2>R\u00f3lunk<\/h2>\n<div class=\"is-divider divider clearfix\" style=\"margin-top:0px;margin-bottom:0px;max-width:800px;height:1px;background-color:rgb(15, 138, 219);\"><\/div>\n\t<div id=\"gap-76545292\" class=\"gap-element clearfix\" style=\"display:block; height:auto;\">\n\t\t\n<style>\n#gap-76545292 {\n  padding-top: 30px;\n}\n<\/style>\n\t<\/div>\n\t\n<p>A Gr\u00f3f \u00c9p\u00fcletautomatikai Kft. 2002 \u00f3ta t\u00f6retlen\u00fcl fejl\u0151dik \u00e1rbev\u00e9tel \u00e9s l\u00e9tsz\u00e1m tekintet\u00e9ben. A c\u00e9g kiz\u00e1r\u00f3lag a szakfeladatokat ell\u00e1t\u00f3 embereket alkalmaz, akiket t\u00e1mogat a k\u00e9pz\u00e9s\u00fckben. A c\u00e9gnek sz\u00e9les \u00fcgyf\u00e9lk\u00f6re \u00e9s referenci\u00e1i vannak az eg\u00e9szs\u00e9g\u00fcgyi int\u00e9zm\u00e9nyek, biztos\u00edt\u00f3k, sz\u00e1llod\u00e1k, irodah\u00e1zak \u00e9s egy\u00e9b \u00e9p\u00fcletek k\u00f6r\u00e9ben.<br \/>\n\t<div id=\"gap-1953749211\" class=\"gap-element clearfix\" style=\"display:block; height:auto;\">\n\t\t\n<style>\n#gap-1953749211 {\n  padding-top: 15px;\n}\n<\/style>\n\t<\/div>\n\t\n\t\t<\/div>\n\t\t\t\t\n<style>\n#col-1650925144 > .col-inner {\n  padding: 0px 0px 0px 0;\n}\n@media (min-width:550px) {\n  #col-1650925144 > .col-inner {\n    padding: 0px 0px 0px 35px;\n  }\n}\n<\/style>\n\t<\/div>\n\n\t\n<\/div>\n\t\t<\/div>\n\n\t\t\n<style>\n#section_1649917973 {\n  padding-top: 70px;\n  padding-bottom: 70px;\n  background-color: rgb(39, 54, 71);\n}\n@media (min-width:850px) {\n  #section_1649917973 {\n    padding-top: 100px;\n    padding-bottom: 100px;\n  }\n}\n<\/style>\n\t<\/section>\n\t\n\t<section class=\"section\" id=\"section_1396432929\">\n\t\t<div class=\"bg section-bg fill bg-fill  bg-loaded\" >\n\n\t\t\t\n\t\t\t\n\t\t\t\n\n\t\t<\/div>\n\n\t\t<div class=\"section-content relative\">\n\t\t\t\n<div class=\"row align-center\" style=\"max-width:1300px\" id=\"row-1626063490\">\n\n\t<div id=\"col-1160593441\" class=\"col medium-11 small-12 large-9\"  >\n\t\t\t\t<div class=\"col-inner\"  >\n\t\t\t\n\t\t\t\n<div class=\"text-center\"><div class=\"is-divider divider clearfix\" style=\"margin-top:15.2px;margin-bottom:15.2px;max-width:150px;height:8px;background-color:rgb(15, 138, 219);\"><\/div><\/div>\n<h2>T\u00f6bb mint 20 \u00e9ves tapasztalat.<\/h2>\n<p class=\"lead\">A c\u00e9g kifejezetten (\u00e9p\u00fclet) automatikai rendszerek tervez\u00e9s\u00e9vel, kivitelez\u00e9s\u00e9vel, karbantart\u00e1s\u00e1val \u00e9s \u00fczemeltet\u00e9s\u00e9vel foglalkozik. Z\u00f6mmel SAUTER \u00e9s GFR rendszerekkel.<\/p>\n\t\t<\/div>\n\t\t\t\t\t<\/div>\n\n\t\n<\/div>\n<div class=\"row row-large\" style=\"max-width:1300px\" id=\"row-101035939\">\n\n\t<div id=\"col-1392045290\" class=\"col medium-3 small-12 large-3\"  >\n\t\t\t\t<div class=\"col-inner text-center\"  >\n\t\t\t\n\t\t\t\n\t<div class=\"img has-hover x md-x lg-x y md-y lg-y\" id=\"image_448805726\">\n\t\t\t\t\t\t\t\t<div class=\"img-inner dark\" >\n\t\t\t<img width=\"400\" height=\"130\" src=\"https:\/\/www.grof.hu\/wp-content\/uploads\/2021\/08\/grof-sauter-logo.png\" class=\"attachment-large size-large\" alt=\"\" loading=\"lazy\" srcset=\"https:\/\/www.grof.hu\/wp-content\/uploads\/2021\/08\/grof-sauter-logo.png 400w, https:\/\/www.grof.hu\/wp-content\/uploads\/2021\/08\/grof-sauter-logo-300x98.png 300w\" sizes=\"(max-width: 400px) 100vw, 400px\" \/>\t\t\t\t\t\t\n\t\t\t\t\t<\/div>\n\t\t\t\t\t\t\t\t\n<style>\n#image_448805726 {\n  width: 47%;\n}\n@media (min-width:550px) {\n  #image_448805726 {\n    width: 100%;\n  }\n}\n<\/style>\n\t<\/div>\n\t\n\t\t<\/div>\n\t\t\t\t\t<\/div>\n\n\t\n\n\t<div id=\"col-394629494\" class=\"col medium-3 small-12 large-3\"  >\n\t\t\t\t<div class=\"col-inner text-center\"  >\n\t\t\t\n\t\t\t\n\t<div class=\"img has-hover x md-x lg-x y md-y lg-y\" id=\"image_416708090\">\n\t\t\t\t\t\t\t\t<div class=\"img-inner dark\" >\n\t\t\t<img width=\"400\" height=\"130\" src=\"https:\/\/www.grof.hu\/wp-content\/uploads\/2021\/08\/grof-regeltechnik-logo.png\" class=\"attachment-large size-large\" alt=\"\" loading=\"lazy\" srcset=\"https:\/\/www.grof.hu\/wp-content\/uploads\/2021\/08\/grof-regeltechnik-logo.png 400w, https:\/\/www.grof.hu\/wp-content\/uploads\/2021\/08\/grof-regeltechnik-logo-300x98.png 300w\" sizes=\"(max-width: 400px) 100vw, 400px\" \/>\t\t\t\t\t\t\n\t\t\t\t\t<\/div>\n\t\t\t\t\t\t\t\t\n<style>\n#image_416708090 {\n  width: 45%;\n}\n@media (min-width:550px) {\n  #image_416708090 {\n    width: 100%;\n  }\n}\n<\/style>\n\t<\/div>\n\t\n\t\t<\/div>\n\t\t\t\t\t<\/div>\n\n\t\n\n\t<div id=\"col-1421760319\" class=\"col medium-3 small-12 large-3\"  >\n\t\t\t\t<div class=\"col-inner text-center\"  >\n\t\t\t\n\t\t\t\n\t<div class=\"img has-hover x md-x lg-x y md-y lg-y\" id=\"image_37311054\">\n\t\t\t\t\t\t\t\t<div class=\"img-inner dark\" >\n\t\t\t<img width=\"400\" height=\"130\" src=\"https:\/\/www.grof.hu\/wp-content\/uploads\/2021\/08\/grof-gfr-logo.png\" class=\"attachment-large size-large\" alt=\"\" loading=\"lazy\" srcset=\"https:\/\/www.grof.hu\/wp-content\/uploads\/2021\/08\/grof-gfr-logo.png 400w, https:\/\/www.grof.hu\/wp-content\/uploads\/2021\/08\/grof-gfr-logo-300x98.png 300w\" sizes=\"(max-width: 400px) 100vw, 400px\" \/>\t\t\t\t\t\t\n\t\t\t\t\t<\/div>\n\t\t\t\t\t\t\t\t\n<style>\n#image_37311054 {\n  width: 45%;\n}\n@media (min-width:550px) {\n  #image_37311054 {\n    width: 100%;\n  }\n}\n<\/style>\n\t<\/div>\n\t\n\t\t<\/div>\n\t\t\t\t\t<\/div>\n\n\t\n\n\t<div id=\"col-658577700\" class=\"col medium-3 small-12 large-3\"  >\n\t\t\t\t<div class=\"col-inner text-center\"  >\n\t\t\t\n\t\t\t\n\t<div class=\"img has-hover x md-x lg-x y md-y lg-y\" id=\"image_1276554184\">\n\t\t\t\t\t\t\t\t<div class=\"img-inner dark\" >\n\t\t\t<img width=\"400\" height=\"130\" src=\"https:\/\/www.grof.hu\/wp-content\/uploads\/2021\/08\/grof-belimo-logo.png\" class=\"attachment-large size-large\" alt=\"\" loading=\"lazy\" srcset=\"https:\/\/www.grof.hu\/wp-content\/uploads\/2021\/08\/grof-belimo-logo.png 400w, https:\/\/www.grof.hu\/wp-content\/uploads\/2021\/08\/grof-belimo-logo-300x98.png 300w\" sizes=\"(max-width: 400px) 100vw, 400px\" \/>\t\t\t\t\t\t\n\t\t\t\t\t<\/div>\n\t\t\t\t\t\t\t\t\n<style>\n#image_1276554184 {\n  width: 45%;\n}\n@media (min-width:550px) {\n  #image_1276554184 {\n    width: 100%;\n  }\n}\n<\/style>\n\t<\/div>\n\t\n\t\t<\/div>\n\t\t\t\t\t<\/div>\n\n\t\n<\/div>\n\t\t<\/div>\n\n\t\t\n<style>\n#section_1396432929 {\n  padding-top: 60px;\n  padding-bottom: 60px;\n}\n@media (min-width:550px) {\n  #section_1396432929 {\n    padding-top: 90px;\n    padding-bottom: 90px;\n  }\n}\n<\/style>\n\t<\/section>\n\t\n\t<section class=\"section dark\" id=\"section_1738628475\">\n\t\t<div class=\"bg section-bg fill bg-fill  bg-loaded\" >\n\n\t\t\t\n\t\t\t\n\t\t\t\n\t<div class=\"is-border\"\n\t\tstyle=\"border-color:rgb(15, 138, 219);border-width:8px 0px 0px 0px;\">\n\t<\/div>\n\n\t\t<\/div>\n\n\t\t<div class=\"section-content relative\">\n\t\t\t\n<span class=\"scroll-to\" data-label=\"Scroll to: #kapcsolat\" data-bullet=\"false\" data-link=\"#kapcsolat\" data-title=\"kapcsolat\"><a name=\"kapcsolat\"><\/a><\/span>\n<div class=\"row align-middle align-center\" style=\"max-width:1300px\" id=\"row-691623880\">\n\n\t<div id=\"col-1535641819\" class=\"col medium-10 small-12 large-4\"  >\n\t\t\t\t<div class=\"col-inner\"  >\n\t\t\t\n\t\t\t\n<h6><span style=\"color: #0F8ADB;\">Kapcsolat<\/span><\/h6>\n<h2>K\u00e9rd\u00e9se van?<\/h2>\n<div class=\"is-divider divider clearfix\" style=\"margin-top:0px;margin-bottom:0px;max-width:800px;height:1px;background-color:rgb(15, 138, 219);\"><\/div>\n\t<div id=\"gap-1229001181\" class=\"gap-element clearfix\" style=\"display:block; height:auto;\">\n\t\t\n<style>\n#gap-1229001181 {\n  padding-top: 30px;\n}\n<\/style>\n\t<\/div>\n\t\n\t<div id=\"gap-447418546\" class=\"gap-element clearfix\" style=\"display:block; height:auto;\">\n\t\t\n<style>\n#gap-447418546 {\n  padding-top: 15px;\n}\n<\/style>\n\t<\/div>\n\t\n<p>Megkeres\u00e9s\u00e9re kolleg\u00e1ink azonnal reag\u00e1lnak, \u00edrjon vagy h\u00edvjon benn\u00fcnket \u00e9s seg\u00edt\u00fcnk!<\/p>\n<ul>\n<li>061\/299 0699<\/li>\n<li>061\/299 0700<\/li>\n<li>0630\/441 4410<\/li>\n<li>0630\/441 1222<\/li>\n<\/ul>\n<p><a href=\"mailto:grof@grof.hu\" class=\"tooltip tooltipstered\"><i class=\"icon-envelop\" style=\"font-size:16px;\"><\/i><span> Email k\u00fcld\u00e9se<\/span><\/a><\/p>\n\t\t<\/div>\n\t\t\t\t\n<style>\n#col-1535641819 > .col-inner {\n  padding: 0px 35px 0px 0px;\n}\n<\/style>\n\t<\/div>\n\n\t\n\n\t<div id=\"col-2007643379\" class=\"col medium-12 small-12 large-8 medium-col-first\"  >\n\t\t\t\t<div class=\"col-inner\"  >\n\t\t\t\n\t\t\t\n\n  <div class=\"banner has-hover\" id=\"banner-1913184787\">\n          <div class=\"banner-inner fill\">\n        <div class=\"banner-bg fill\" >\n            <div class=\"bg fill bg-fill \"><\/div>\n                                    \n                    <\/div>\n        <div class=\"banner-layers container\">\n            <div class=\"fill banner-link\"><\/div>            \n        <\/div>\n      <\/div>\n\n            \n<style>\n#banner-1913184787 {\n  padding-top: 300px;\n  background-color: rgb(39, 54, 71);\n}\n#banner-1913184787 .bg.bg-loaded {\n  background-image: url(https:\/\/www.grof.hu\/wp-content\/uploads\/2021\/08\/grof-epuletautomatika-2.jpg);\n}\n#banner-1913184787 .bg {\n  background-position: 100% 58%;\n}\n@media (min-width:550px) {\n  #banner-1913184787 {\n    padding-top: 500px;\n  }\n}\n<\/style>\n  <\/div>\n\n\n\t\t<\/div>\n\t\t\t\t\t<\/div>\n\n\t\n<\/div>\n\t\t<\/div>\n\n\t\t\n<style>\n#section_1738628475 {\n  padding-top: 75px;\n  padding-bottom: 75px;\n  background-color: #273647;\n}\n@media (min-width:850px) {\n  #section_1738628475 {\n    padding-top: 120px;\n    padding-bottom: 120px;\n  }\n}\n<\/style>\n\t<\/section>\n\t\n","protected":false},"excerpt":{"rendered":"","protected":false},"author":1,"featured_media":0,"parent":0,"menu_order":0,"comment_status":"closed","ping_status":"closed","template":"page-blank.php","meta":[],"_links":{"self":[{"href":"https:\/\/www.grof.hu\/index.php?rest_route=\/wp\/v2\/pages\/3167"}],"collection":[{"href":"https:\/\/www.grof.hu\/index.php?rest_route=\/wp\/v2\/pages"}],"about":[{"href":"https:\/\/www.grof.hu\/index.php?rest_route=\/wp\/v2\/types\/page"}],"author":[{"embeddable":true,"href":"https:\/\/www.grof.hu\/index.php?rest_route=\/wp\/v2\/users\/1"}],"replies":[{"embeddable":true,"href":"https:\/\/www.grof.hu\/index.php?rest_route=%2Fwp%2Fv2%2Fcomments&post=3167"}],"version-history":[{"count":15,"href":"https:\/\/www.grof.hu\/index.php?rest_route=\/wp\/v2\/pages\/3167\/revisions"}],"predecessor-version":[{"id":3413,"href":"https:\/\/www.grof.hu\/index.php?rest_route=\/wp\/v2\/pages\/3167\/revisions\/3413"}],"wp:attachment":[{"href":"https:\/\/www.grof.hu\/index.php?rest_route=%2Fwp%2Fv2%2Fmedia&parent=3167"}],"curies":[{"name":"wp","href":"https:\/\/api.w.org\/{rel}","templated":true}]}}